{"id":398,"date":"2023-09-09T13:45:20","date_gmt":"2023-09-09T11:45:20","guid":{"rendered":"https:\/\/judochantonnay.fr\/?page_id=398"},"modified":"2024-09-12T14:36:51","modified_gmt":"2024-09-12T12:36:51","slug":"commissairearbitre","status":"publish","type":"page","link":"https:\/\/judochantonnay.fr\/?page_id=398","title":{"rendered":"Commissaire &#038; Arbitre"},"content":{"rendered":"\n<h2 class=\"wp-block-heading\">News !<\/h2>\n\n\n\n<div class=\"wp-block-media-text has-media-on-the-right is-stacked-on-mobile\"><div class=\"wp-block-media-text__content\">\n<p>Qui dit d\u00e9but d&rsquo;ann\u00e9e, dit reprise des formations ! Le stage de pr\u00e9-formation arbitrage aura lieu le Dimanche 22 Septembre au dojo de Fontenay de 9h \u00e0 12h. <\/p>\n<\/div><figure class=\"wp-block-media-text__media\"><img loading=\"lazy\" decoding=\"async\" width=\"790\" height=\"587\" src=\"https:\/\/judochantonnay.fr\/wp-content\/uploads\/2024\/08\/image-20240821164805-1.png\" alt=\"\" class=\"wp-image-1210 size-full\" srcset=\"https:\/\/judochantonnay.fr\/wp-content\/uploads\/2024\/08\/image-20240821164805-1.png 790w, https:\/\/judochantonnay.fr\/wp-content\/uploads\/2024\/08\/image-20240821164805-1-300x223.png 300w, https:\/\/judochantonnay.fr\/wp-content\/uploads\/2024\/08\/image-20240821164805-1-768x571.png 768w\" sizes=\"auto, (max-width: 790px) 100vw, 790px\" \/><\/figure><\/div>\n\n\n\n<h2 class=\"wp-block-heading\">Formation<\/h2>\n\n\n\n<div class=\"wp-block-media-text is-stacked-on-mobile\"><figure class=\"wp-block-media-text__media\"><img loading=\"lazy\" decoding=\"async\" width=\"919\" height=\"687\" src=\"https:\/\/judochantonnay.fr\/wp-content\/uploads\/2024\/09\/arbitreage2024.png\" alt=\"\" class=\"wp-image-1228 size-full\" srcset=\"https:\/\/judochantonnay.fr\/wp-content\/uploads\/2024\/09\/arbitreage2024.png 919w, https:\/\/judochantonnay.fr\/wp-content\/uploads\/2024\/09\/arbitreage2024-300x224.png 300w, https:\/\/judochantonnay.fr\/wp-content\/uploads\/2024\/09\/arbitreage2024-768x574.png 768w\" sizes=\"auto, (max-width: 919px) 100vw, 919px\" \/><\/figure><div class=\"wp-block-media-text__content\">\n<p>Formation initiale commissaires sportif \/ arbitre d\u00e9partementaux le samedi 12 et dimanche 13 octobre 2024, sur les deux jours de 9h \u00e0 17h au Vend\u00e9space.<\/p>\n\n\n\n<p>Vend\u00e9space Zone, 85000 Mouilleron-le-Captif. (<a href=\"https:\/\/maps.app.goo.gl\/8rpavfiDSjnVuvZh6\" data-type=\"link\" data-id=\"https:\/\/goo.gl\/maps\/caNETFxCyxr8wzXY9\">lien google map<\/a>)<\/p>\n\n\n\n<p>Veuillez apporter : Judogi (en plus de votre tenue civile), de quoi \u00e9crire (crayon, bloc-notes, gomme\/souris) et VOTRE PIQUE NIQUE pour les deux jours.<\/p>\n\n\n\n<p><em>La pr\u00e9sence sur les deux jours est obligatoire.<\/em><\/p>\n\n\n\n<p>Pensez \u00e0 faire signer votre passeport pour \u00eatre commissaire\/arbitre de club et demander \u00e0 \u00eatre inscrit sur l&rsquo;extranet aupr\u00e8s de l&rsquo;enseignant.<\/p>\n<\/div><\/div>\n\n\n\n<h2 class=\"wp-block-heading\">Commissaire\/Arbitre<\/h2>\n\n\n\n<p>Pour pouvoir organiser des comp\u00e9titions, il est n\u00e9cessaire d&rsquo;avoir des commissaires sportifs et des arbitres. Sans eux, pas de comp\u00e9titions. Vous trouverez sur cette page divers liens et informations sur ces r\u00f4les importants pour le judo.<\/p>\n\n\n\n<h2 class=\"wp-block-heading\">Commissaire sportif<\/h2>\n\n\n\n<div class=\"wp-block-media-text has-media-on-the-right is-stacked-on-mobile\"><div class=\"wp-block-media-text__content\">\n<p>Le r\u00f4le du commissaire sportif est tr\u00e8s important pour le bon d\u00e9roulement de la comp\u00e9tition. <\/p>\n\n\n\n<p>Il peut avoir plusieurs t\u00e2ches principales :<\/p>\n\n\n\n<ul class=\"wp-block-list\">\n<li>La gestion du tableau d&rsquo;affichage des scores<\/li>\n\n\n\n<li>La gestion des diff\u00e9rents chronom\u00e8tres<\/li>\n\n\n\n<li>La gestion des feuilles de poules, qui r\u00e9pertorient tous les r\u00e9sultats de la comp\u00e9tition<\/li>\n<\/ul>\n\n\n\n<p>Lien vers la page du comit\u00e9 de Vend\u00e9e :  <a href=\"https:\/\/www.judovendee.com\/en-savoir-plus\/commissaires-sportifs-101943\" data-type=\"link\" data-id=\"https:\/\/www.judovendee.com\/en-savoir-plus\/commissaires-sportifs-101943\">https:\/\/www.judovendee.com\/en-savoir-plus\/commissaires-sportifs-101943<\/a><\/p>\n<\/div><figure class=\"wp-block-media-text__media\"><img loading=\"lazy\" decoding=\"async\" width=\"947\" height=\"1024\" src=\"https:\/\/judochantonnay.fr\/wp-content\/uploads\/2023\/09\/image-20230830100531-1-1-947x1024.png\" alt=\"\" class=\"wp-image-406 size-full\" srcset=\"https:\/\/judochantonnay.fr\/wp-content\/uploads\/2023\/09\/image-20230830100531-1-1-947x1024.png 947w, https:\/\/judochantonnay.fr\/wp-content\/uploads\/2023\/09\/image-20230830100531-1-1-277x300.png 277w, https:\/\/judochantonnay.fr\/wp-content\/uploads\/2023\/09\/image-20230830100531-1-1-768x830.png 768w, https:\/\/judochantonnay.fr\/wp-content\/uploads\/2023\/09\/image-20230830100531-1-1.png 1060w\" sizes=\"auto, (max-width: 947px) 100vw, 947px\" \/><\/figure><\/div>\n\n\n\n<h2 class=\"wp-block-heading\">Arbitre<\/h2>\n\n\n\n<div class=\"wp-block-media-text is-stacked-on-mobile\"><figure class=\"wp-block-media-text__media\"><img loading=\"lazy\" decoding=\"async\" width=\"878\" height=\"1024\" src=\"https:\/\/judochantonnay.fr\/wp-content\/uploads\/2023\/09\/image-20230830100357-1-878x1024.png\" alt=\"\" class=\"wp-image-407 size-full\" srcset=\"https:\/\/judochantonnay.fr\/wp-content\/uploads\/2023\/09\/image-20230830100357-1-878x1024.png 878w, https:\/\/judochantonnay.fr\/wp-content\/uploads\/2023\/09\/image-20230830100357-1-257x300.png 257w, https:\/\/judochantonnay.fr\/wp-content\/uploads\/2023\/09\/image-20230830100357-1-768x896.png 768w, https:\/\/judochantonnay.fr\/wp-content\/uploads\/2023\/09\/image-20230830100357-1.png 1060w\" sizes=\"auto, (max-width: 878px) 100vw, 878px\" \/><\/figure><div class=\"wp-block-media-text__content\">\n<p>L&rsquo;arbitre a un r\u00f4le important pour le bon d\u00e9roulement des combats, c&rsquo;est lui qui donne les d\u00e9cisions au cours du combat et veille au respect des r\u00e8gle du judo et de la s\u00e9curit\u00e9 des combattants.<\/p>\n\n\n\n<p>Lien vers la page du comit\u00e9 de Vend\u00e9e : <a href=\"https:\/\/www.judovendee.com\/en-savoir-plus\/arbitrage-101941\">https:\/\/www.judovendee.com\/en-savoir-plus\/arbitrage-101941<\/a> <\/p>\n\n\n\n<p>Vous y trouverez quelques vid\u00e9os sur l&rsquo;arbitrage.<\/p>\n\n\n\n<p><a href=\"https:\/\/judochantonnay.fr\/wp-content\/uploads\/2023\/10\/Initiation-a-larbitrage.pdf\">Fiche d&rsquo;initiation \u00e0 l&rsquo;arbitrage.pdf<\/a><\/p>\n<\/div><\/div>\n\n\n\n<p><a href=\"https:\/\/www.ffjudo.com\/actualite\/la-camera-arbitre-une-innovation-france-judo-pour-une-premiere-mondiale\">La cam\u00e9ra arbitre : une innovation France Judo pour une premi\u00e8re mondiale &#8211; France Judo (ffjudo.com)<\/a><\/p>\n\n\n\n<h2 class=\"wp-block-heading\">Liens et documents utiles<\/h2>\n\n\n\n<ul class=\"wp-block-list\">\n<li>Page du comit\u00e9 :  <a href=\"https:\/\/www.ffjudo.com\/etre-arbitre-commissaire-sportif\" data-type=\"link\" data-id=\"https:\/\/www.ffjudo.com\/etre-arbitre-commissaire-sportif\">https:\/\/www.ffjudo.com\/etre-arbitre-commissaire-sportif<\/a><\/li>\n<\/ul>\n","protected":false},"excerpt":{"rendered":"<p>News ! Qui dit d\u00e9but d&rsquo;ann\u00e9e, dit reprise des formations ! Le stage de pr\u00e9-formation arbitrage aura lieu le Dimanche 22 Septembre au dojo de Fontenay de 9h \u00e0 12h. Formation Formation initiale commissaires sportif \/ arbitre d\u00e9partementaux le samedi 12 et dimanche 13 octobre 2024, sur les deux jours de 9h \u00e0 17h au&#8230;<\/p>\n","protected":false},"author":1,"featured_media":0,"parent":0,"menu_order":0,"comment_status":"closed","ping_status":"closed","template":"","meta":{"_kad_post_transparent":"","_kad_post_title":"","_kad_post_layout":"","_kad_post_sidebar_id":"","_kad_post_content_style":"","_kad_post_vertical_padding":"","_kad_post_feature":"","_kad_post_feature_position":"","_kad_post_header":false,"_kad_post_footer":false,"footnotes":""},"class_list":["post-398","page","type-page","status-publish","hentry"],"_links":{"self":[{"href":"https:\/\/judochantonnay.fr\/index.php?rest_route=\/wp\/v2\/pages\/398","targetHints":{"allow":["GET"]}}],"collection":[{"href":"https:\/\/judochantonnay.fr\/index.php?rest_route=\/wp\/v2\/pages"}],"about":[{"href":"https:\/\/judochantonnay.fr\/index.php?rest_route=\/wp\/v2\/types\/page"}],"author":[{"embeddable":true,"href":"https:\/\/judochantonnay.fr\/index.php?rest_route=\/wp\/v2\/users\/1"}],"replies":[{"embeddable":true,"href":"https:\/\/judochantonnay.fr\/index.php?rest_route=%2Fwp%2Fv2%2Fcomments&post=398"}],"version-history":[{"count":15,"href":"https:\/\/judochantonnay.fr\/index.php?rest_route=\/wp\/v2\/pages\/398\/revisions"}],"predecessor-version":[{"id":1230,"href":"https:\/\/judochantonnay.fr\/index.php?rest_route=\/wp\/v2\/pages\/398\/revisions\/1230"}],"wp:attachment":[{"href":"https:\/\/judochantonnay.fr\/index.php?rest_route=%2Fwp%2Fv2%2Fmedia&parent=398"}],"curies":[{"name":"wp","href":"https:\/\/api.w.org\/{rel}","templated":true}]}}