{"id":52,"date":"2022-07-17T10:19:46","date_gmt":"2022-07-17T08:19:46","guid":{"rendered":"https:\/\/judochantonnay.fr\/?page_id=52"},"modified":"2024-08-28T20:36:53","modified_gmt":"2024-08-28T18:36:53","slug":"le-club-2","status":"publish","type":"page","link":"https:\/\/judochantonnay.fr\/?page_id=52","title":{"rendered":"Le club"},"content":{"rendered":"\n<h2 class=\"wp-block-heading\">Le club<\/h2>\n\n\n\n<div class=\"container\">\n  <a href=\"https:\/\/judochantonnay.fr\/?page_id=55\">\n    <img decoding=\"async\" src=\"https:\/\/judochantonnay.fr\/wp-content\/uploads\/2023\/09\/lettreNB-2-1024x293.jpg\" alt=\"Snow\" style=\"width:100%;\">\n    <div class=\"centered\"><h3 style=\"color: white;font-size:3vw;\">Le mot du pr\u00e9sident<\/h1><\/div>\n  <\/a>\n<\/div>\n<br\/>\n\n\n\n<div class=\"container\">\n  <a href=\"https:\/\/judochantonnay.fr\/?page_id=58\">\n    <img decoding=\"async\" src=\"https:\/\/judochantonnay.fr\/wp-content\/uploads\/2023\/09\/bureauNB-1024x293.jpg\" alt=\"Snow\" style=\"width:100%;\">\n    <div class=\"centered\"><h3 style=\"color: white;font-size:3vw;\">Le comit\u00e9 directeur<\/h1><\/div>\n  <\/a>\n<\/div>\n<br\/>\n\n\n\n<div class=\"container\">\n  <a href=\"https:\/\/judochantonnay.fr\/?page_id=61\">\n    <img decoding=\"async\" src=\"https:\/\/judochantonnay.fr\/wp-content\/uploads\/2023\/09\/profsNB-1024x293.jpg\" alt=\"Snow\" style=\"width:100%;\">\n    <div class=\"centered\"><h3 style=\"color: white; font-size:3vw;\">Les enseignants et encadrants<\/h1><\/div>\n  <\/a>\n<\/div>\n<br\/>\n\n\n\n<table>\n  <td>\n    <div class=\"container\">\n      <a href=\"https:\/\/judochantonnay.fr\/?page_id=278\">\n        <img decoding=\"async\" src=\"https:\/\/judochantonnay.fr\/wp-content\/uploads\/2024\/08\/logoSqrtNB2.jpg\" alt=\"Snow\" style=\"height:100%;\">\n        <div class=\"centered\"><h3 style=\"color: white;font-size:3vw;\">R\u00e8glement<\/h1><\/div>\n      <\/a>\n    <\/div>\n  <\/td>\n  <td>\n    <div class=\"container\">\n      <a href=\"https:\/\/judochantonnay.fr\/?page_id=64\">\n        <img decoding=\"async\" src=\"https:\/\/judochantonnay.fr\/wp-content\/uploads\/2024\/08\/logoSqrtNB2.jpg\" alt=\"Snow\" style=\"width:100%;\">\n        <div class=\"centered\"><h3 style=\"color: white;font-size:3vw;\">Tarifs<\/h1><\/div>\n      <\/a>\n    <\/div>\n  <\/td>\n<\/table>\n\n\n\n<div class=\"container\">\n  <a href=\"https:\/\/judochantonnay.fr\/?page_id=67\">\n    <img decoding=\"async\" src=\"https:\/\/judochantonnay.fr\/wp-content\/uploads\/2023\/09\/ceinturesNoiresNB-1024x293.jpg\" alt=\"Snow\" style=\"width:100%;\">\n    <div class=\"centered\"><h3 style=\"color: white;font-size:3vw;\">Les ceintures noires<\/h1><\/div>\n  <\/a>\n<\/div>\n<br\/>\n\n\n\n<div class=\"container\">\n  <a href=\"https:\/\/judochantonnay.fr\/?page_id=527\">\n    <img decoding=\"async\" src=\"https:\/\/judochantonnay.fr\/wp-content\/uploads\/2024\/08\/label_2ljcNB2.jpg\" alt=\"Snow\" style=\"width:100%;\">\n    <div class=\"centered\"><h3 style=\"color: white;font-size:3vw;\">Label France Judo<\/h1><\/div>\n  <\/a>\n<\/div>\n<br\/>\n","protected":false},"excerpt":{"rendered":"<p>Le club Le mot du pr\u00e9sident Le comit\u00e9 directeur Les enseignants et encadrants R\u00e8glement Tarifs Les ceintures noires Label France Judo<\/p>\n","protected":false},"author":1,"featured_media":0,"parent":0,"menu_order":0,"comment_status":"closed","ping_status":"closed","template":"","meta":{"_kad_post_transparent":"","_kad_post_title":"","_kad_post_layout":"","_kad_post_sidebar_id":"","_kad_post_content_style":"","_kad_post_vertical_padding":"","_kad_post_feature":"","_kad_post_feature_position":"","_kad_post_header":false,"_kad_post_footer":false,"footnotes":""},"class_list":["post-52","page","type-page","status-publish","hentry"],"_links":{"self":[{"href":"https:\/\/judochantonnay.fr\/index.php?rest_route=\/wp\/v2\/pages\/52","targetHints":{"allow":["GET"]}}],"collection":[{"href":"https:\/\/judochantonnay.fr\/index.php?rest_route=\/wp\/v2\/pages"}],"about":[{"href":"https:\/\/judochantonnay.fr\/index.php?rest_route=\/wp\/v2\/types\/page"}],"author":[{"embeddable":true,"href":"https:\/\/judochantonnay.fr\/index.php?rest_route=\/wp\/v2\/users\/1"}],"replies":[{"embeddable":true,"href":"https:\/\/judochantonnay.fr\/index.php?rest_route=%2Fwp%2Fv2%2Fcomments&post=52"}],"version-history":[{"count":42,"href":"https:\/\/judochantonnay.fr\/index.php?rest_route=\/wp\/v2\/pages\/52\/revisions"}],"predecessor-version":[{"id":1170,"href":"https:\/\/judochantonnay.fr\/index.php?rest_route=\/wp\/v2\/pages\/52\/revisions\/1170"}],"wp:attachment":[{"href":"https:\/\/judochantonnay.fr\/index.php?rest_route=%2Fwp%2Fv2%2Fmedia&parent=52"}],"curies":[{"name":"wp","href":"https:\/\/api.w.org\/{rel}","templated":true}]}}