{"id":55,"date":"2022-07-17T10:20:26","date_gmt":"2022-07-17T08:20:26","guid":{"rendered":"https:\/\/judochantonnay.fr\/?page_id=55"},"modified":"2025-07-28T23:29:33","modified_gmt":"2025-07-28T21:29:33","slug":"mot-du-president","status":"publish","type":"page","link":"https:\/\/judochantonnay.fr\/?page_id=55","title":{"rendered":"Mot de la pr\u00e9sidente"},"content":{"rendered":"\n<h2 class=\"wp-block-heading\">Le mot de la pr\u00e9sidente,<\/h2>\n\n\n\n<p><strong>Chers adh\u00e9rents, parents et amis judokas,<\/strong><\/p>\n\n\n\n<p>C\u2019est avec une grande joie et une \u00e9nergie renouvel\u00e9e que je vous adresse ces quelques mots au nom de toute l\u2019\u00e9quipe du 2 Lays Judo.<\/p>\n\n\n\n<p>Notre club, c\u2019est avant tout une belle aventure humaine, o\u00f9 se m\u00ealent passion du judo, esprit sportif et valeurs familiales. Que vous soyez d\u00e9butants, confirm\u00e9s, petits ou grands, chacun a sa place sur le tatami. Ici, le respect, l\u2019entraide et le d\u00e9passement de soi ne sont pas que des mots : ce sont les fondements de notre quotidien.<\/p>\n\n\n\n<p>Notre dynamique repose sur un engagement fort de nos enseignants, b\u00e9n\u00e9voles et partenaires, qui \u0153uvrent ensemble pour faire vivre un club accueillant, formateur et convivial. Comp\u00e9titions, stages, \u00e9v\u00e9nements, animations\u2026<br>La saison promet d\u2019\u00eatre riche en \u00e9motions et en moments partag\u00e9s.<\/p>\n\n\n\n<p>Merci \u00e0 toutes celles et ceux qui contribuent \u00e0 cette belle \u00e9nergie.<br>Ensemble, continuons \u00e0 faire du 2 Lays Judo un lieu de vie, de progr\u00e8s et de passion.<\/p>\n\n\n\n<p>\u00c0 tr\u00e8s bient\u00f4t sur les tatamis.<\/p>\n\n\n\n<p>Sportivement,<br><strong>Coralie DRAPERON<\/strong><\/p>\n\n\n\n<figure class=\"wp-block-image size-full is-resized\"><img loading=\"lazy\" decoding=\"async\" width=\"512\" height=\"512\" src=\"https:\/\/judochantonnay.fr\/wp-content\/uploads\/2024\/08\/cropped-logocontoure-1.png\" alt=\"\" class=\"wp-image-1156\" style=\"width:114px;height:auto\" srcset=\"https:\/\/judochantonnay.fr\/wp-content\/uploads\/2024\/08\/cropped-logocontoure-1.png 512w, https:\/\/judochantonnay.fr\/wp-content\/uploads\/2024\/08\/cropped-logocontoure-1-300x300.png 300w, https:\/\/judochantonnay.fr\/wp-content\/uploads\/2024\/08\/cropped-logocontoure-1-150x150.png 150w, https:\/\/judochantonnay.fr\/wp-content\/uploads\/2024\/08\/cropped-logocontoure-1-270x270.png 270w, https:\/\/judochantonnay.fr\/wp-content\/uploads\/2024\/08\/cropped-logocontoure-1-192x192.png 192w, https:\/\/judochantonnay.fr\/wp-content\/uploads\/2024\/08\/cropped-logocontoure-1-180x180.png 180w, https:\/\/judochantonnay.fr\/wp-content\/uploads\/2024\/08\/cropped-logocontoure-1-32x32.png 32w\" sizes=\"auto, (max-width: 512px) 100vw, 512px\" \/><\/figure>\n","protected":false},"excerpt":{"rendered":"<p>Le mot de la pr\u00e9sidente, Chers adh\u00e9rents, parents et amis judokas, C\u2019est avec une grande joie et une \u00e9nergie renouvel\u00e9e que je vous adresse ces quelques mots au nom de toute l\u2019\u00e9quipe du 2 Lays Judo. Notre club, c\u2019est avant tout une belle aventure humaine, o\u00f9 se m\u00ealent passion du judo, esprit sportif et valeurs&#8230;<\/p>\n","protected":false},"author":1,"featured_media":0,"parent":0,"menu_order":0,"comment_status":"closed","ping_status":"closed","template":"","meta":{"_kad_post_transparent":"","_kad_post_title":"","_kad_post_layout":"","_kad_post_sidebar_id":"","_kad_post_content_style":"","_kad_post_vertical_padding":"","_kad_post_feature":"","_kad_post_feature_position":"","_kad_post_header":false,"_kad_post_footer":false,"footnotes":""},"class_list":["post-55","page","type-page","status-publish","hentry"],"_links":{"self":[{"href":"https:\/\/judochantonnay.fr\/index.php?rest_route=\/wp\/v2\/pages\/55","targetHints":{"allow":["GET"]}}],"collection":[{"href":"https:\/\/judochantonnay.fr\/index.php?rest_route=\/wp\/v2\/pages"}],"about":[{"href":"https:\/\/judochantonnay.fr\/index.php?rest_route=\/wp\/v2\/types\/page"}],"author":[{"embeddable":true,"href":"https:\/\/judochantonnay.fr\/index.php?rest_route=\/wp\/v2\/users\/1"}],"replies":[{"embeddable":true,"href":"https:\/\/judochantonnay.fr\/index.php?rest_route=%2Fwp%2Fv2%2Fcomments&post=55"}],"version-history":[{"count":13,"href":"https:\/\/judochantonnay.fr\/index.php?rest_route=\/wp\/v2\/pages\/55\/revisions"}],"predecessor-version":[{"id":1365,"href":"https:\/\/judochantonnay.fr\/index.php?rest_route=\/wp\/v2\/pages\/55\/revisions\/1365"}],"wp:attachment":[{"href":"https:\/\/judochantonnay.fr\/index.php?rest_route=%2Fwp%2Fv2%2Fmedia&parent=55"}],"curies":[{"name":"wp","href":"https:\/\/api.w.org\/{rel}","templated":true}]}}