{"id":61,"date":"2022-07-17T10:21:28","date_gmt":"2022-07-17T08:21:28","guid":{"rendered":"https:\/\/judochantonnay.fr\/?page_id=61"},"modified":"2025-11-16T22:31:09","modified_gmt":"2025-11-16T21:31:09","slug":"les-enseignants-et-encadrants","status":"publish","type":"page","link":"https:\/\/judochantonnay.fr\/?page_id=61","title":{"rendered":"Les enseignants et encadrants"},"content":{"rendered":"\n<h2 class=\"wp-block-heading\">Les enseignants et encadrants<\/h2>\n\n\n\n<head>\n  <meta charset=\"UTF-8\">\n  <title>Corps Enseignant &#8211; 2 Lays Judo<\/title>\n  <meta name=\"viewport\" content=\"width=device-width, initial-scale=1.0\">\n  <link href=\"https:\/\/fonts.googleapis.com\/css2?family=Poppins:wght@400;600&#038;display=swap\" rel=\"stylesheet\">\n  <style>\n    body {\n      font-family: 'Poppins', sans-serif;\n      margin: 0;\n      padding: 20px;\n      background-color: #fff8f6;\n      color: #333;\n    }\n    h1 {\n      text-align: center;\n      color: #B00000;\n      margin-bottom: 30px;\n    }\n    .section {\n      max-width: 1000px;\n      margin: 0 auto;\n    }\n    .cards {\n      display: flex;\n      flex-wrap: wrap;\n      justify-content: center;\n      gap: 20px;\n    }\n    .card {\n      background-color: #fff;\n      border-radius: 12px;\n      box-shadow: 0 4px 10px rgba(0,0,0,0.1);\n      padding: 20px;\n      width: 220px;\n      text-align: center;\n      transition: transform 0.3s ease;\n    }\n    .card:hover {\n      transform: scale(1.05);\n    }\n    .photo {\n      width: 120px;\n      height: 120px;\n      border-radius: 50%;\n      object-fit: cover;\n      margin: 0 auto 10px;\n      display: block;\n    }\n    .name {\n      font-weight: 600;\n      font-size: 1.1em;\n      margin-bottom: 5px;\n      white-space: nowrap;\n    }\n    .role {\n      color: #777;\n      font-size: 0.95em;\n    }\n    @media (max-width: 600px) {\n      .card {\n        width: 100%;\n        max-width: 300px;\n      }\n    }\n  <\/style>\n<\/head>\n<body>\n\n<h1>Corps Enseignant 2025\/2026<\/h1>\n\n<div class=\"section\">\n  <div class=\"cards\">\n    <div class=\"card\">\n      <img decoding=\"async\" src=\"https:\/\/judochantonnay.fr\/wp-content\/uploads\/2025\/11\/alexis_cercle.png\" alt=\"Alexis Creus\u00e9\" class=\"photo\">\n      <div class=\"name\">Alexis Creus\u00e9<\/div>\n      <div class=\"role\">Enseignant professionnel<br>Ceinture noire 2<sup>e<\/sup> dan<\/div>\n    <\/div>\n    <div class=\"card\">\n      <img decoding=\"async\" src=\"https:\/\/judochantonnay.fr\/wp-content\/uploads\/2025\/11\/kim-generique.png\" alt=\"M\u00e9lody Brunet\" class=\"photo\">\n      <div class=\"name\">M\u00e9lody Brunet<\/div>\n      <div class=\"role\">Certificat animateur f\u00e9d\u00e9ral<br>Ceinture noire 1<sup>er<\/sup> dan<\/div>\n    <\/div>\n    <div class=\"card\">\n      <img decoding=\"async\" src=\"https:\/\/judochantonnay.fr\/wp-content\/uploads\/2025\/11\/kim-generique.png\" alt=\"Pierre Vivien\" class=\"photo\">\n      <div class=\"name\">Pierre Vivien<\/div>\n      <div class=\"role\">Assistant club<br>Ceinture noire 1<sup>er<\/sup> dan<\/div>\n    <\/div>\n    <div class=\"card\">\n      <img decoding=\"async\" src=\"https:\/\/judochantonnay.fr\/wp-content\/uploads\/2025\/11\/kim-generique.png\" alt=\"Quentin Poisblaud\" class=\"photo\">\n      <div class=\"name\">Quentin Poisblaud<\/div>\n      <div class=\"role\">Assistant club<br>Ceinture marron<\/div>\n    <\/div>\n    <div class=\"card\">\n      <img decoding=\"async\" src=\"https:\/\/judochantonnay.fr\/wp-content\/uploads\/2025\/11\/kim-generique.png\" alt=\"Pierre Audureau\" class=\"photo\">\n      <div class=\"name\">Pierre Audureau<\/div>\n      <div class=\"role\">Assistant club<br>Ceinture marron<\/div>\n    <\/div>\n  <\/div>\n<\/div>\n\n<\/body>\n<\/html>\n\n","protected":false},"excerpt":{"rendered":"<p>Les enseignants et encadrants Corps Enseignant &#8211; 2 Lays Judo Corps Enseignant 2025\/2026 Alexis Creus\u00e9 Enseignant professionnelCeinture noire 2e dan M\u00e9lody Brunet Certificat animateur f\u00e9d\u00e9ralCeinture noire 1er dan Pierre Vivien Assistant clubCeinture noire 1er dan Quentin Poisblaud Assistant clubCeinture marron Pierre Audureau Assistant clubCeinture marron<\/p>\n","protected":false},"author":1,"featured_media":0,"parent":0,"menu_order":0,"comment_status":"closed","ping_status":"closed","template":"","meta":{"_kad_post_transparent":"","_kad_post_title":"","_kad_post_layout":"","_kad_post_sidebar_id":"","_kad_post_content_style":"","_kad_post_vertical_padding":"","_kad_post_feature":"","_kad_post_feature_position":"","_kad_post_header":false,"_kad_post_footer":false,"footnotes":""},"class_list":["post-61","page","type-page","status-publish","hentry"],"_links":{"self":[{"href":"https:\/\/judochantonnay.fr\/index.php?rest_route=\/wp\/v2\/pages\/61","targetHints":{"allow":["GET"]}}],"collection":[{"href":"https:\/\/judochantonnay.fr\/index.php?rest_route=\/wp\/v2\/pages"}],"about":[{"href":"https:\/\/judochantonnay.fr\/index.php?rest_route=\/wp\/v2\/types\/page"}],"author":[{"embeddable":true,"href":"https:\/\/judochantonnay.fr\/index.php?rest_route=\/wp\/v2\/users\/1"}],"replies":[{"embeddable":true,"href":"https:\/\/judochantonnay.fr\/index.php?rest_route=%2Fwp%2Fv2%2Fcomments&post=61"}],"version-history":[{"count":9,"href":"https:\/\/judochantonnay.fr\/index.php?rest_route=\/wp\/v2\/pages\/61\/revisions"}],"predecessor-version":[{"id":1388,"href":"https:\/\/judochantonnay.fr\/index.php?rest_route=\/wp\/v2\/pages\/61\/revisions\/1388"}],"wp:attachment":[{"href":"https:\/\/judochantonnay.fr\/index.php?rest_route=%2Fwp%2Fv2%2Fmedia&parent=61"}],"curies":[{"name":"wp","href":"https:\/\/api.w.org\/{rel}","templated":true}]}}