{"id":91,"date":"2022-07-17T10:25:18","date_gmt":"2022-07-17T08:25:18","guid":{"rendered":"https:\/\/judochantonnay.fr\/?page_id=91"},"modified":"2024-09-05T09:46:57","modified_gmt":"2024-09-05T07:46:57","slug":"inscriptions","status":"publish","type":"page","link":"https:\/\/judochantonnay.fr\/?page_id=91","title":{"rendered":"Inscriptions"},"content":{"rendered":"\n<div\n  style=\"\n    background-image: repeating-linear-gradient(\n      -45deg,\n      #8f8 0 20px,\n      #afa 20px 40px\n    );\n  padding: 0.15em 1.75em;\n    border-radius: 2em;\n  \">\n<br\/>\n  <h4 style=\"color:black\">Le formulaire a \u00e9t\u00e9 mis \u00e0 jour !<br\/>Vous pouvez r\u00e9aliser votre inscription !!!<\/h4>\n<br\/>\n<\/div>\n\n\n\n<p>En cas de difficult\u00e9 avec l&rsquo;inscription, voici <a href=\"https:\/\/youtu.be\/oDtBXUzponQ\" data-type=\"link\" data-id=\"https:\/\/youtu.be\/oDtBXUzponQ\">un petit tuto pour vous aider \ud83d\ude42<\/a><\/p>\n\n\n\n<p>Pensez \u00e0 cocher la case \u00ab\u00a0Je reconnais avoir lu le r\u00e8glement int\u00e9rieur et l&rsquo;accepter.\u00a0\u00bb \u00e0 la fin du formulaire.<\/p>\n\n\n<style type=\"text\/css\">\r\n       .errordiv { padding:10px; margin:10px; border: 1px solid #555555;color: #000000;background-color: #f8f8f8; width:500px; }#advanced_iframe {visibility:visible;opacity:1;vertical-align:top;}.ai-info-bottom-iframe { position: fixed; z-index: 10000; bottom:0; left: 0; margin: 0px; text-align: center; width: 100%; background-color: #ff9999; padding-left: 5px;padding-bottom: 5px; border-top: 1px solid #aaa } a.ai-bold {font-weight: bold;}#ai-layer-div-advanced_iframe p {height:100%;margin:0;padding:0}\r\n  .ai-fullscreen {\r\n    position:fixed;\r\n\tz-index:9000 !important;\r\n\ttop:0px !important;\r\n\tleft:0px !important;\r\n\tmargin:0px !important;\r\n\twidth:100% !important;\r\n\theight:100% !important;\r\n  }<\/style><script type=\"text\/javascript\">var ai_iframe_width_advanced_iframe = 0;var ai_iframe_height_advanced_iframe = 0;function aiReceiveMessageadvanced_iframe(event) {  aiProcessMessage(event,\"advanced_iframe\", \"true\");}if (window.addEventListener) {  window.addEventListener(\"message\", aiReceiveMessageadvanced_iframe);} else if (el.attachEvent)  {  el.attachEvent(\"message\", aiReceiveMessageadvanced_iframe);}var aiIsIe8=false;var aiOnloadScrollTop=\"true\";var aiShowDebug=false;\r\n\t\tif (typeof aiReadyCallbacks === 'undefined') {\r\n\t\t\tvar aiReadyCallbacks = [];  \r\n\t\t} else if (!(aiReadyCallbacks instanceof Array)) {\r\n\t\t\tvar aiReadyCallbacks = [];\r\n\t\t}    function aiShowIframeId(id_iframe) { jQuery(\"#\"+id_iframe).css(\"visibility\", \"visible\");    }    function aiResizeIframeHeight(height) { aiResizeIframeHeight(height,advanced_iframe); }    function aiResizeIframeHeightId(height,width,id) {aiResizeIframeHeightById(id,height);}<\/script><iframe id=\"advanced_iframe\"  name=\"advanced_iframe\"  src=\"https:\/\/clarisoft.fr\/laficom\/Assoc1901\/2LJC-85110\/preinscription_saisie.php\"  width=\"100%\"  height=\"1200\"  frameborder=\"0\"  allowtransparency=\"true\"  loading=\"lazy\"  style=\";width:100%;height:1200px;\" ><\/iframe><script type=\"text\/javascript\">var ifrm_advanced_iframe = document.getElementById(\"advanced_iframe\");var hiddenTabsDoneadvanced_iframe = false;\r\nfunction resizeCallbackadvanced_iframe() {}<\/script><script type=\"text\/javascript\"><\/script>\n\n\n<p>Vous recevrez un mail avec votre fiche d&rsquo;inscription compl\u00e9t\u00e9e \u00e0 rapporter au club. (pensez \u00e0 v\u00e9rifier vos spam) <\/p>\n\n\n\n<p>Pensez aussi \u00e0 faire le <a href=\"https:\/\/judochantonnay.fr\/?p=1182\">Renouvellement \/ Cr\u00e9ation de votre licence f\u00e9d\u00e9rale ICI !<\/a><\/p>\n","protected":false},"excerpt":{"rendered":"<p>Le formulaire a \u00e9t\u00e9 mis \u00e0 jour !Vous pouvez r\u00e9aliser votre inscription !!! En cas de difficult\u00e9 avec l&rsquo;inscription, voici un petit tuto pour vous aider \ud83d\ude42 Pensez \u00e0 cocher la case \u00ab\u00a0Je reconnais avoir lu le r\u00e8glement int\u00e9rieur et l&rsquo;accepter.\u00a0\u00bb \u00e0 la fin du formulaire. Vous recevrez un mail avec votre fiche d&rsquo;inscription compl\u00e9t\u00e9e&#8230;<\/p>\n","protected":false},"author":1,"featured_media":0,"parent":0,"menu_order":0,"comment_status":"closed","ping_status":"closed","template":"","meta":{"_kad_post_transparent":"","_kad_post_title":"","_kad_post_layout":"","_kad_post_sidebar_id":"","_kad_post_content_style":"","_kad_post_vertical_padding":"","_kad_post_feature":"","_kad_post_feature_position":"","_kad_post_header":false,"_kad_post_footer":false,"footnotes":""},"class_list":["post-91","page","type-page","status-publish","hentry"],"_links":{"self":[{"href":"https:\/\/judochantonnay.fr\/index.php?rest_route=\/wp\/v2\/pages\/91","targetHints":{"allow":["GET"]}}],"collection":[{"href":"https:\/\/judochantonnay.fr\/index.php?rest_route=\/wp\/v2\/pages"}],"about":[{"href":"https:\/\/judochantonnay.fr\/index.php?rest_route=\/wp\/v2\/types\/page"}],"author":[{"embeddable":true,"href":"https:\/\/judochantonnay.fr\/index.php?rest_route=\/wp\/v2\/users\/1"}],"replies":[{"embeddable":true,"href":"https:\/\/judochantonnay.fr\/index.php?rest_route=%2Fwp%2Fv2%2Fcomments&post=91"}],"version-history":[{"count":27,"href":"https:\/\/judochantonnay.fr\/index.php?rest_route=\/wp\/v2\/pages\/91\/revisions"}],"predecessor-version":[{"id":1225,"href":"https:\/\/judochantonnay.fr\/index.php?rest_route=\/wp\/v2\/pages\/91\/revisions\/1225"}],"wp:attachment":[{"href":"https:\/\/judochantonnay.fr\/index.php?rest_route=%2Fwp%2Fv2%2Fmedia&parent=91"}],"curies":[{"name":"wp","href":"https:\/\/api.w.org\/{rel}","templated":true}]}}